{"id":720,"date":"2024-09-27T22:18:48","date_gmt":"2024-09-27T20:18:48","guid":{"rendered":"https:\/\/catholicus.eu\/pt\/?page_id=720"},"modified":"2024-09-29T20:51:45","modified_gmt":"2024-09-29T18:51:45","slug":"bem-vindo-ao-catholicus-eu-onde-a-fe-catolica-encontra-o-mundo-moderno","status":"publish","type":"page","link":"https:\/\/catholicus.eu\/pt\/bem-vindo-ao-catholicus-eu-onde-a-fe-catolica-encontra-o-mundo-moderno\/","title":{"rendered":"Bem-vindo ao Catholicus.eu: Onde a F\u00e9 Cat\u00f3lica Encontra o Mundo Moderno"},"content":{"rendered":"\n<p id=\"tw-target-text\"><strong>Catholicus.eu<\/strong> \u00e9 um portal criado para todos aqueles que desejam aprofundar seu conhecimento na f\u00e9 cat\u00f3lica, buscando uma conex\u00e3o aut\u00eantica entre a rica tradi\u00e7\u00e3o da Igreja e os desafios contempor\u00e2neos. O objetivo do site \u00e9 fornecer um espa\u00e7o onde os ensinamentos eternos da Igreja Cat\u00f3lica sejam aplicados \u00e0s quest\u00f5es atuais, ajudando a guiar e iluminar a vida de todos os que procuram viver sua f\u00e9 em meio \u00e0s realidades do mundo de hoje.<\/p>\n\n\n\n<p>Seja voc\u00ea um cat\u00f3lico praticante, algu\u00e9m que busca conhecer mais sobre a Igreja ou uma pessoa que deseja refletir sobre moralidade e espiritualidade na vida cotidiana, <strong>Catholicus.eu<\/strong> oferece uma ampla gama de recursos cuidadosamente preparados para inspirar e instruir, com conte\u00fado acess\u00edvel e fiel \u00e0s verdades da f\u00e9.<\/p>\n\n\n<div class=\"wp-block-image\">\n<figure class=\"aligncenter size-full\"><img decoding=\"async\" src=\"https:\/\/catholicus.eu\/en\/wp-content\/uploads\/sites\/2\/2024\/09\/logo_catholicus_eu300.png\" alt=\"\" class=\"wp-image-887\"\/><\/figure>\n<\/div>\n\n\n<h2 class=\"wp-block-heading\">Nossa Miss\u00e3o<\/h2>\n\n\n\n<p>A miss\u00e3o de <strong>Catholicus.eu<\/strong> \u00e9 dupla:<\/p>\n\n\n\n<ol class=\"wp-block-list\">\n<li><strong>Oferecer uma forma\u00e7\u00e3o s\u00f3lida na f\u00e9 cat\u00f3lica<\/strong>: Queremos que nosso conte\u00fado ajude os fi\u00e9is a compreender melhor os dogmas, a doutrina e os ensinamentos da Igreja. Buscamos mostrar como esses princ\u00edpios n\u00e3o s\u00f3 permanecem relevantes, mas tamb\u00e9m s\u00e3o fundamentais para uma vida vivida de maneira plena e significativa.<\/li>\n\n\n\n<li><strong>Promover o di\u00e1logo entre tradi\u00e7\u00e3o e modernidade<\/strong>: Em uma era em que a religi\u00e3o muitas vezes parece distante para muitos, <strong>Catholicus.eu<\/strong> pretende demonstrar que o pensamento cat\u00f3lico pode oferecer clareza, esperan\u00e7a e uma base moral firme frente \u00e0s quest\u00f5es \u00e9ticas e sociais do nosso tempo.<\/li>\n<\/ol>\n\n\n\n<h2 class=\"wp-block-heading\">O Conte\u00fado de Catholicus.eu<\/h2>\n\n\n\n<p>O conte\u00fado do site est\u00e1 dividido em v\u00e1rias se\u00e7\u00f5es, cada uma focada em um aspecto da f\u00e9 cat\u00f3lica. Nosso objetivo \u00e9 oferecer uma experi\u00eancia abrangente e rica para todos os visitantes. A seguir, apresentamos uma vis\u00e3o geral das principais \u00e1reas de <strong>Catholicus.eu<\/strong>.<\/p>\n\n\n\n<h3 class=\"wp-block-heading\">1. <strong>Doutrina e F\u00e9<\/strong><\/h3>\n\n\n\n<p>Esta se\u00e7\u00e3o \u00e9 dedicada ao n\u00facleo dos ensinamentos da Igreja Cat\u00f3lica. Aqui, voc\u00ea encontrar\u00e1:<\/p>\n\n\n\n<ul class=\"wp-block-list\">\n<li><strong>Explica\u00e7\u00f5es do Catecismo<\/strong>: Artigos que explicam os pontos principais do Catecismo da Igreja Cat\u00f3lica, tornando seus ensinamentos mais acess\u00edveis e compreens\u00edveis para todos.<\/li>\n\n\n\n<li><strong>Dogmas da f\u00e9 cat\u00f3lica<\/strong>: Discuss\u00f5es sobre os dogmas fundamentais da Igreja, como a Sant\u00edssima Trindade, a Imaculada Concei\u00e7\u00e3o e a Ressurrei\u00e7\u00e3o, e sua relev\u00e2ncia para os dias de hoje.<\/li>\n\n\n\n<li><strong>Sacramentos<\/strong>: Uma an\u00e1lise detalhada dos sete sacramentos da Igreja e sua import\u00e2ncia na vida dos fi\u00e9is, com \u00eanfase em como esses sinais sagrados s\u00e3o fundamentais para a viv\u00eancia da f\u00e9.<\/li>\n\n\n\n<li><strong>Os Mandamentos<\/strong>: Reflex\u00f5es sobre os Dez Mandamentos, sua aplica\u00e7\u00e3o moral e o que significam para as decis\u00f5es do cotidiano.<\/li>\n\n\n\n<li><strong>Vida dos Santos<\/strong>: Biografias e reflex\u00f5es sobre a vida dos santos mais influentes, que s\u00e3o exemplos de virtude, f\u00e9 e coragem para todos os cat\u00f3licos.<\/li>\n<\/ul>\n\n\n\n<h3 class=\"wp-block-heading\">2. <strong>A Igreja e sua Tradi\u00e7\u00e3o<\/strong><\/h3>\n\n\n\n<p>O catolicismo \u00e9 uma f\u00e9 rica em hist\u00f3ria e tradi\u00e7\u00e3o. Esta se\u00e7\u00e3o mergulha nas ra\u00edzes da Igreja, destacando:<\/p>\n\n\n\n<ul class=\"wp-block-list\">\n<li><strong>Hist\u00f3ria da Igreja<\/strong>: Uma jornada pelos eventos e per\u00edodos mais importantes da hist\u00f3ria da Igreja, desde seu nascimento com Cristo at\u00e9 seu papel nos dias atuais.<\/li>\n\n\n\n<li><strong>Os Conc\u00edlios Ecum\u00eanicos<\/strong>: An\u00e1lises dos conc\u00edlios mais relevantes da Igreja, incluindo o Conc\u00edlio Vaticano II, e o impacto dessas decis\u00f5es nos fi\u00e9is e na pr\u00e1tica religiosa.<\/li>\n\n\n\n<li><strong>O Magist\u00e9rio<\/strong>: Explica\u00e7\u00f5es sobre o papel do Magist\u00e9rio da Igreja na preserva\u00e7\u00e3o e transmiss\u00e3o da doutrina, garantindo a fidelidade \u00e0 verdade revelada.<\/li>\n<\/ul>\n\n\n\n<h3 class=\"wp-block-heading\">3. <strong>Doutrina Social da Igreja<\/strong><\/h3>\n\n\n\n<p>A Igreja Cat\u00f3lica tem um profundo compromisso com a justi\u00e7a social e o bem comum. Nesta se\u00e7\u00e3o, exploramos:<\/p>\n\n\n\n<ul class=\"wp-block-list\">\n<li><strong>Justi\u00e7a social<\/strong>: Os ensinamentos da Igreja sobre dignidade humana, solidariedade e a busca pelo bem comum, com aplica\u00e7\u00e3o pr\u00e1tica em temas como pobreza, imigra\u00e7\u00e3o e desigualdade.<\/li>\n\n\n\n<li><strong>Ecologia e cuidado com a cria\u00e7\u00e3o<\/strong>: Com base na enc\u00edclica <em>Laudato Si\u2019<\/em>, discutimos a responsabilidade dos cat\u00f3licos em cuidar do meio ambiente e promover a sustentabilidade.<\/li>\n\n\n\n<li><strong>Fam\u00edlia e vida<\/strong>: Reflex\u00f5es sobre os ensinamentos da Igreja sobre a fam\u00edlia, o casamento e a defesa da vida humana desde a concep\u00e7\u00e3o at\u00e9 o fim natural.<\/li>\n<\/ul>\n\n\n\n<h3 class=\"wp-block-heading\">4. <strong>Espiritualidade e Vida de Ora\u00e7\u00e3o<\/strong><\/h3>\n\n\n\n<p>A f\u00e9 cat\u00f3lica n\u00e3o \u00e9 apenas intelectual; ela \u00e9 vivida atrav\u00e9s da espiritualidade e da ora\u00e7\u00e3o. Em <strong>Catholicus.eu<\/strong>, oferecemos:<\/p>\n\n\n\n<ul class=\"wp-block-list\">\n<li><strong>Guias de ora\u00e7\u00e3o<\/strong>: Introdu\u00e7\u00f5es \u00e0s diversas formas de ora\u00e7\u00e3o, como o Ros\u00e1rio, a Adora\u00e7\u00e3o Eucar\u00edstica e a Lectio Divina.<\/li>\n\n\n\n<li><strong>Sacramentos e devo\u00e7\u00f5es<\/strong>: Artigos sobre a import\u00e2ncia da Eucaristia, da Confiss\u00e3o e de outras pr\u00e1ticas espirituais no fortalecimento da vida de f\u00e9.<\/li>\n\n\n\n<li><strong>Devo\u00e7\u00f5es marianas e sacramentais<\/strong>: Reflex\u00f5es sobre o papel de Maria na vida espiritual dos fi\u00e9is e o significado de sacramentais como a \u00e1gua benta, os escapul\u00e1rios e as medalhas.<\/li>\n<\/ul>\n\n\n\n<h3 class=\"wp-block-heading\">5. <strong>F\u00e9 e o Mundo Moderno<\/strong><\/h3>\n\n\n\n<p>O di\u00e1logo entre f\u00e9 e o mundo moderno \u00e9 essencial para entender como os cat\u00f3licos podem viver sua f\u00e9 hoje. Esta se\u00e7\u00e3o aborda temas como:<\/p>\n\n\n\n<ul class=\"wp-block-list\">\n<li><strong>F\u00e9 e raz\u00e3o<\/strong>: Discuss\u00f5es sobre como a Igreja promove o di\u00e1logo entre a f\u00e9 e a ci\u00eancia, e como grandes pensadores cat\u00f3licos, como Santo Tom\u00e1s de Aquino, influenciam esse debate.<\/li>\n\n\n\n<li><strong>Bio\u00e9tica e quest\u00f5es morais contempor\u00e2neas<\/strong>: Reflex\u00f5es sobre t\u00f3picos como aborto, eutan\u00e1sia e engenharia gen\u00e9tica \u00e0 luz dos ensinamentos da Igreja.<\/li>\n\n\n\n<li><strong>Cultura e catolicismo<\/strong>: Como os cat\u00f3licos podem se engajar com a cultura contempor\u00e2nea sem comprometer os valores essenciais de sua f\u00e9.<\/li>\n<\/ul>\n\n\n\n<h3 class=\"wp-block-heading\">6. <strong>Evangeliza\u00e7\u00e3o e Testemunho<\/strong><\/h3>\n\n\n\n<p>A Igreja Cat\u00f3lica \u00e9 chamada a anunciar o Evangelho a todas as na\u00e7\u00f5es. Em <strong>Catholicus.eu<\/strong>, exploramos:<\/p>\n\n\n\n<ul class=\"wp-block-list\">\n<li><strong>Testemunhos pessoais<\/strong>: Hist\u00f3rias inspiradoras de convers\u00e3o e perseveran\u00e7a na f\u00e9, mostrando o impacto transformador do catolicismo na vida das pessoas.<\/li>\n\n\n\n<li><strong>Dicas de evangeliza\u00e7\u00e3o<\/strong>: Guias pr\u00e1ticos para ajudar os cat\u00f3licos a compartilhar sua f\u00e9 com os outros, de maneira respeitosa e caridosa.<\/li>\n\n\n\n<li><strong>Miss\u00e3o e caridade<\/strong>: Um olhar sobre o trabalho mission\u00e1rio da Igreja e as diversas organiza\u00e7\u00f5es de caridade cat\u00f3licas que atuam em todo o mundo.<\/li>\n<\/ul>\n\n\n\n<h2 class=\"wp-block-heading\">Compromisso com a Verdade e a Caridade<\/h2>\n\n\n\n<p>Todo o conte\u00fado de <strong>Catholicus.eu<\/strong> \u00e9 desenvolvido com um profundo respeito \u00e0 doutrina da Igreja e com um compromisso em promover a verdade e a caridade. Nosso objetivo \u00e9 proporcionar recursos teol\u00f3gicos s\u00f3lidos, mas sempre apresentados de forma acess\u00edvel para todas as pessoas.<\/p>\n\n\n\n<ul class=\"wp-block-list\">\n<li><strong>Fidelidade ao Magist\u00e9rio<\/strong>: Todos os artigos e reflex\u00f5es de <strong>Catholicus.eu<\/strong> est\u00e3o em plena comunh\u00e3o com o Magist\u00e9rio da Igreja, assegurando a transmiss\u00e3o fiel dos ensinamentos cat\u00f3licos.<\/li>\n\n\n\n<li><strong>Relev\u00e2ncia para o mundo moderno<\/strong>: Mostramos como os ensinamentos tradicionais da Igreja podem ser aplicados aos dilemas e quest\u00f5es atuais, promovendo uma f\u00e9 viva e pertinente.<\/li>\n\n\n\n<li><strong>Forma\u00e7\u00e3o integral<\/strong>: Nosso conte\u00fado n\u00e3o apenas informa, mas busca formar integralmente os cat\u00f3licos, ajudando-os a viver sua f\u00e9 com convic\u00e7\u00e3o e profundidade.<\/li>\n<\/ul>\n\n\n\n<h3 class=\"wp-block-heading\">Junte-se \u00e0 Comunidade Catholicus.eu<\/h3>\n\n\n\n<p>Em <strong>Catholicus.eu<\/strong>, n\u00e3o queremos ser apenas uma fonte de informa\u00e7\u00e3o, mas tamb\u00e9m uma <strong>comunidade viva<\/strong> de fi\u00e9is. Convidamos voc\u00ea a participar ativamente por meio de:<\/p>\n\n\n\n<ul class=\"wp-block-list\">\n<li><strong>Coment\u00e1rios e intera\u00e7\u00f5es<\/strong>: Compartilhe suas reflex\u00f5es e d\u00favidas nos artigos, promovendo um di\u00e1logo rico e frut\u00edfero com outros leitores.<\/li>\n\n\n\n<li><strong>Newsletter<\/strong>: Inscreva-se para receber semanalmente os melhores artigos e reflex\u00f5es espirituais.<\/li>\n\n\n\n<li><strong>Redes sociais<\/strong>: Siga-nos nas redes sociais para ficar por dentro das \u00faltimas novidades e participar das conversas sobre o catolicismo no mundo de hoje.<\/li>\n<\/ul>\n\n\n\n<h2 class=\"wp-block-heading\">Conclus\u00e3o<\/h2>\n\n\n\n<p>Em um mundo em constante mudan\u00e7a, <strong>Catholicus.eu<\/strong> se apresenta como um farol para orientar os fi\u00e9is em sua jornada espiritual. Atrav\u00e9s de uma ampla gama de recursos, artigos e reflex\u00f5es, buscamos demonstrar que a tradi\u00e7\u00e3o cat\u00f3lica n\u00e3o \u00e9 apenas relevante, mas \u00e9 fundamental para compreender e viver plenamente nossa f\u00e9.<\/p>\n\n\n\n<p>Convidamos voc\u00ea a explorar o site, descobrir os conte\u00fados cuidadosamente preparados e juntar-se a n\u00f3s nesta jornada de f\u00e9, esperan\u00e7a e amor. <strong>Catholicus.eu<\/strong> est\u00e1 aqui para ajud\u00e1-lo a aprofundar sua compreens\u00e3o da Igreja e a viver o Evangelho em seu dia a dia.<\/p>\n\n\n\n<p><strong>Bem-vindo ao Catholicus.eu<\/strong> \u2013 onde f\u00e9 e vida se encontram e onde todos s\u00e3o convidados a descobrir a beleza da verdade cat\u00f3lica.<\/p>\n","protected":false},"excerpt":{"rendered":"<p>Catholicus.eu \u00e9 um portal criado para todos aqueles que desejam aprofundar seu conhecimento na f\u00e9 cat\u00f3lica, buscando uma conex\u00e3o aut\u00eantica entre a rica tradi\u00e7\u00e3o da Igreja e os desafios contempor\u00e2neos. O objetivo do site \u00e9 fornecer um espa\u00e7o onde os ensinamentos eternos da Igreja Cat\u00f3lica sejam aplicados \u00e0s quest\u00f5es atuais, ajudando a guiar e iluminar &hellip;<\/p>\n","protected":false},"author":3,"featured_media":0,"parent":0,"menu_order":0,"comment_status":"closed","ping_status":"closed","template":"","meta":{"_seopress_robots_primary_cat":"0","_seopress_titles_title":"","_seopress_titles_desc":"","_seopress_robots_index":"","footnotes":""},"class_list":["post-720","page","type-page","status-publish",""],"_links":{"self":[{"href":"https:\/\/catholicus.eu\/pt\/wp-json\/wp\/v2\/pages\/720","targetHints":{"allow":["GET"]}}],"collection":[{"href":"https:\/\/catholicus.eu\/pt\/wp-json\/wp\/v2\/pages"}],"about":[{"href":"https:\/\/catholicus.eu\/pt\/wp-json\/wp\/v2\/types\/page"}],"author":[{"embeddable":true,"href":"https:\/\/catholicus.eu\/pt\/wp-json\/wp\/v2\/users\/3"}],"replies":[{"embeddable":true,"href":"https:\/\/catholicus.eu\/pt\/wp-json\/wp\/v2\/comments?post=720"}],"version-history":[{"count":0,"href":"https:\/\/catholicus.eu\/pt\/wp-json\/wp\/v2\/pages\/720\/revisions"}],"wp:attachment":[{"href":"https:\/\/catholicus.eu\/pt\/wp-json\/wp\/v2\/media?parent=720"}],"curies":[{"name":"wp","href":"https:\/\/api.w.org\/{rel}","templated":true}]}}