{"id":811,"date":"2024-09-26T16:54:06","date_gmt":"2024-09-26T14:54:06","guid":{"rendered":"https:\/\/catholicus.eu\/fr\/?page_id=811"},"modified":"2024-09-29T20:46:40","modified_gmt":"2024-09-29T18:46:40","slug":"avis-legal-de-catholicus-eu","status":"publish","type":"page","link":"https:\/\/catholicus.eu\/fr\/avis-legal-de-catholicus-eu\/","title":{"rendered":"Avis L\u00e9gal de catholicus.eu"},"content":{"rendered":"\n<h4 class=\"wp-block-heading\">1. <strong>Informations d&rsquo;identification<\/strong><\/h4>\n\n\n\n<p>Conform\u00e9ment \u00e0 l&rsquo;article 10 de la Loi 34\/2002, du 11 juillet, sur les Services de la Soci\u00e9t\u00e9 de l&rsquo;Information et du Commerce \u00c9lectronique (LSSI-CE), les informations suivantes sont fournies :<\/p>\n\n\n\n<ul class=\"wp-block-list\">\n<li><strong>Propri\u00e9taire<\/strong> : [Jos\u00e9 Manuel Garc\u00eda Molina]<\/li>\n\n\n\n<li><strong>Adresse<\/strong> : [Luis Pinilla Soliveres 16 2B  -CP:50015 Saragosse (Espagne)]<\/li>\n\n\n\n<li><strong>Email<\/strong> : [mail@catholicus.eu]<\/li>\n\n\n\n<li><strong>Nom de domaine<\/strong> : catholicus.eu<\/li>\n<\/ul>\n\n\n\n<h4 class=\"wp-block-heading\">2. <strong>Objet<\/strong><\/h4>\n\n\n\n<p>Cet <strong>Avis L\u00e9gal<\/strong> r\u00e9git l&rsquo;acc\u00e8s et l&rsquo;utilisation du site web <strong>catholicus.eu<\/strong> (ci-apr\u00e8s, \u00ab\u00a0le site web\u00a0\u00bb), dont l&rsquo;objectif est de fournir des informations li\u00e9es \u00e0 la religion catholique.<\/p>\n\n\n\n<p>L&rsquo;acc\u00e8s et la navigation sur ce site impliquent l&rsquo;acceptation pleine et enti\u00e8re des conditions \u00e9nonc\u00e9es dans cet Avis L\u00e9gal, ainsi que dans notre <strong>Politique de Confidentialit\u00e9<\/strong> et <strong>Politique de Cookies<\/strong>.<\/p>\n\n\n\n<h4 class=\"wp-block-heading\">3. <strong>Conditions d&rsquo;utilisation<\/strong><\/h4>\n\n\n\n<p>L&rsquo;utilisateur s&rsquo;engage \u00e0 faire un usage ad\u00e9quat du site web et de ses contenus, conform\u00e9ment \u00e0 la l\u00e9gislation en vigueur, au pr\u00e9sent Avis L\u00e9gal, et dans le respect de la bonne foi. L&rsquo;utilisateur s&rsquo;engage \u00e0 ne pas :<\/p>\n\n\n\n<ul class=\"wp-block-list\">\n<li>Mener des activit\u00e9s ill\u00e9gales ou contraires \u00e0 l&rsquo;ordre public.<\/li>\n\n\n\n<li>Diffuser des contenus ou propagandes racistes, x\u00e9nophobes, pornographiques, en apologie du terrorisme ou portant atteinte aux droits de l&rsquo;homme.<\/li>\n\n\n\n<li>Endommager les syst\u00e8mes physiques et logiques du site web, de ses fournisseurs ou de tiers.<\/li>\n\n\n\n<li>Tenter d&rsquo;acc\u00e9der, de manipuler ou d&rsquo;utiliser les donn\u00e9es d&rsquo;autres utilisateurs.<\/li>\n<\/ul>\n\n\n\n<p>Le propri\u00e9taire du site se r\u00e9serve le droit de retirer tout commentaire ou contribution qui violerait les normes de respect de la dignit\u00e9 humaine, qui seraient discriminatoires, racistes, x\u00e9nophobes, pornographiques, ou qui porteraient atteinte \u00e0 la jeunesse ou \u00e0 l&rsquo;enfance, \u00e0 l&rsquo;ordre public ou \u00e0 la s\u00e9curit\u00e9 publique, ou qui, \u00e0 son avis, ne seraient pas appropri\u00e9s \u00e0 la publication.<\/p>\n\n\n\n<h4 class=\"wp-block-heading\">4. <strong>Propri\u00e9t\u00e9 intellectuelle et industrielle<\/strong><\/h4>\n\n\n\n<p>Le site web et son contenu (textes, images, graphiques, logiciels, code source, logos, marques, etc.) sont prot\u00e9g\u00e9s par des droits de propri\u00e9t\u00e9 intellectuelle et industrielle. Toute utilisation, reproduction, distribution, communication publique ou transformation du contenu du site web est strictement interdite sans l&rsquo;autorisation expresse pr\u00e9alable du propri\u00e9taire.<\/p>\n\n\n\n<p>Toute utilisation non autoris\u00e9e pr\u00e9alablement par le propri\u00e9taire sera consid\u00e9r\u00e9e comme une violation grave des droits de propri\u00e9t\u00e9 intellectuelle ou industrielle et pourra donner lieu \u00e0 des actions en justice.<\/p>\n\n\n\n<h4 class=\"wp-block-heading\">5. <strong>Clause de non-responsabilit\u00e9<\/strong><\/h4>\n\n\n\n<p>Le propri\u00e9taire du site web ne pourra \u00eatre tenu responsable des dommages r\u00e9sultant d&rsquo;une mauvaise utilisation du contenu ou des informations publi\u00e9es sur ce site. De plus, il d\u00e9cline toute responsabilit\u00e9 pour les dommages caus\u00e9s par la pr\u00e9sence de virus ou d&rsquo;autres \u00e9l\u00e9ments susceptibles d&rsquo;alt\u00e9rer les syst\u00e8mes informatiques de l&rsquo;utilisateur ou ses donn\u00e9es.<\/p>\n\n\n\n<p>Le propri\u00e9taire se r\u00e9serve le droit de mettre \u00e0 jour, de modifier ou de supprimer les informations contenues sur le site web, ainsi que sa configuration ou sa pr\u00e9sentation, \u00e0 tout moment et sans pr\u00e9avis.<\/p>\n\n\n\n<h4 class=\"wp-block-heading\">6. <strong>Liens externes<\/strong><\/h4>\n\n\n\n<p>Dans le cas o\u00f9 le site web contient des liens vers d&rsquo;autres sites Internet, le propri\u00e9taire n&rsquo;exerce aucun contr\u00f4le sur ces sites et leur contenu. En aucun cas, le propri\u00e9taire ne sera responsable du contenu de ces liens externes, ni ne garantit la disponibilit\u00e9 technique, la qualit\u00e9, la fiabilit\u00e9, la v\u00e9racit\u00e9 ou l&rsquo;exactitude des informations contenues sur ces autres sites.<\/p>\n\n\n\n<p>L&rsquo;inclusion de liens externes n&rsquo;implique aucun type d&rsquo;association, fusion ou partenariat avec les entit\u00e9s li\u00e9es.<\/p>\n\n\n\n<h4 class=\"wp-block-heading\">7. <strong>Protection des donn\u00e9es personnelles<\/strong><\/h4>\n\n\n\n<p>Conform\u00e9ment \u00e0 la r\u00e9glementation en vigueur sur la protection des donn\u00e9es personnelles, le site web garantit la bonne utilisation des donn\u00e9es personnelles des utilisateurs. Pour plus d&rsquo;informations sur la gestion des donn\u00e9es personnelles, veuillez consulter notre <a href=\"#\">Politique de Confidentialit\u00e9<\/a>.<\/p>\n\n\n\n<h4 class=\"wp-block-heading\">8. <strong>Utilisation des cookies<\/strong><\/h4>\n\n\n\n<p>Ce site web utilise des cookies pour am\u00e9liorer l&rsquo;exp\u00e9rience de navigation de l&rsquo;utilisateur et analyser le trafic du site. Pour plus de d\u00e9tails sur l&rsquo;utilisation des cookies, veuillez consulter notre <a href=\"#\">Politique de Cookies<\/a>.<\/p>\n\n\n\n<h4 class=\"wp-block-heading\">9. <strong>L\u00e9gislation applicable et juridiction<\/strong><\/h4>\n\n\n\n<p>Les relations entre le propri\u00e9taire du site web et les utilisateurs seront r\u00e9gies par la l\u00e9gislation espagnole en vigueur. En cas de litige dans l&rsquo;interpr\u00e9tation ou l&rsquo;application du pr\u00e9sent Avis L\u00e9gal, les parties se soumettent \u00e0 la juridiction des tribunaux du domicile de l&rsquo;utilisateur s&rsquo;il agit en tant que consommateur. Dans les autres cas, les parties se soumettront aux tribunaux du lieu de r\u00e9sidence ou du si\u00e8ge social du propri\u00e9taire du site.<\/p>\n","protected":false},"excerpt":{"rendered":"<p>1. Informations d&rsquo;identification Conform\u00e9ment \u00e0 l&rsquo;article 10 de la Loi 34\/2002, du 11 juillet, sur les Services de la Soci\u00e9t\u00e9 de l&rsquo;Information et du Commerce \u00c9lectronique (LSSI-CE), les informations suivantes sont fournies : Propri\u00e9taire : [Jos\u00e9 Manuel Garc\u00eda Molina] Adresse : [Luis Pinilla Soliveres 16 2B -CP:50015 Saragosse (Espagne)] Email : [mail@catholicus.eu] Nom de domaine &hellip;<\/p>\n","protected":false},"author":3,"featured_media":0,"parent":0,"menu_order":0,"comment_status":"closed","ping_status":"closed","template":"","meta":{"_seopress_robots_primary_cat":"0","_seopress_titles_title":"","_seopress_titles_desc":"","_seopress_robots_index":"","footnotes":""},"class_list":["post-811","page","type-page","status-publish",""],"_links":{"self":[{"href":"https:\/\/catholicus.eu\/fr\/wp-json\/wp\/v2\/pages\/811","targetHints":{"allow":["GET"]}}],"collection":[{"href":"https:\/\/catholicus.eu\/fr\/wp-json\/wp\/v2\/pages"}],"about":[{"href":"https:\/\/catholicus.eu\/fr\/wp-json\/wp\/v2\/types\/page"}],"author":[{"embeddable":true,"href":"https:\/\/catholicus.eu\/fr\/wp-json\/wp\/v2\/users\/3"}],"replies":[{"embeddable":true,"href":"https:\/\/catholicus.eu\/fr\/wp-json\/wp\/v2\/comments?post=811"}],"version-history":[{"count":0,"href":"https:\/\/catholicus.eu\/fr\/wp-json\/wp\/v2\/pages\/811\/revisions"}],"wp:attachment":[{"href":"https:\/\/catholicus.eu\/fr\/wp-json\/wp\/v2\/media?parent=811"}],"curies":[{"name":"wp","href":"https:\/\/api.w.org\/{rel}","templated":true}]}}