{"id":718,"date":"2024-09-27T22:45:43","date_gmt":"2024-09-27T20:45:43","guid":{"rendered":"https:\/\/catholicus.eu\/de\/?page_id=718"},"modified":"2024-09-29T20:49:23","modified_gmt":"2024-09-29T18:49:23","slug":"willkommen-bei-catholicus-eu-eine-bruecke-zwischen-dem-katholischen-glauben-und-der-modernen-welt","status":"publish","type":"page","link":"https:\/\/catholicus.eu\/de\/willkommen-bei-catholicus-eu-eine-bruecke-zwischen-dem-katholischen-glauben-und-der-modernen-welt\/","title":{"rendered":"Willkommen bei Catholicus.eu: Eine Br\u00fccke zwischen dem Katholischen Glauben und der modernen Welt"},"content":{"rendered":"\n<p>Willkommen auf <strong>Catholicus.eu<\/strong>, Ihrer umfassenden Online-Ressource f\u00fcr ein vertieftes Verst\u00e4ndnis des katholischen Glaubens, der sowohl die traditionelle Lehre als auch die Herausforderungen und Fragen der modernen Gesellschaft ber\u00fccksichtigt. Unsere Mission ist es, eine Br\u00fccke zu schlagen zwischen den zeitlosen Wahrheiten der katholischen Kirche und den aktuellen Themen und Problemen der heutigen Welt.<\/p>\n\n\n\n<p>Catholicus.eu richtet sich an alle, die ihren Glauben vertiefen m\u00f6chten: langj\u00e4hrige Katholiken, Konvertiten oder Menschen, die sich f\u00fcr den katholischen Glauben interessieren. Durch sorgf\u00e4ltig erstellte Artikel, Ressourcen und Reflexionen wollen wir spirituelle, theologische und moralische Fragen klar, respektvoll und fundiert behandeln.<\/p>\n\n\n<div class=\"wp-block-image\">\n<figure class=\"aligncenter size-full\"><img decoding=\"async\" src=\"https:\/\/catholicus.eu\/en\/wp-content\/uploads\/sites\/2\/2024\/09\/logo_catholicus_eu300.png\" alt=\"\" class=\"wp-image-887\"\/><\/figure>\n<\/div>\n\n\n<h2 class=\"wp-block-heading\">Unsere Kernmission<\/h2>\n\n\n\n<p>Das Ziel von Catholicus.eu ist zweifach:<\/p>\n\n\n\n<ol class=\"wp-block-list\">\n<li><strong>Bildung und Inspiration f\u00fcr Katholiken<\/strong>: Wir bieten fundierte Erkl\u00e4rungen zu den Lehren der katholischen Kirche, den Sakramenten und den moralischen Prinzipien an und zeigen, wie diese Lehren in der modernen Welt relevant sind.<\/li>\n\n\n\n<li><strong>Dialog zwischen Glaube und Moderne f\u00f6rdern<\/strong>: In einer Zeit, in der Religion oft als unverbunden mit dem Alltag wahrgenommen wird, wollen wir zeigen, wie katholische Werte und \u00dcberzeugungen nicht nur relevant, sondern entscheidend f\u00fcr pers\u00f6nliches Wachstum, moralische Entscheidungen und den Aufbau einer gerechten Gesellschaft sind.<\/li>\n<\/ol>\n\n\n\n<h2 class=\"wp-block-heading\">Was Sie auf Catholicus.eu finden<\/h2>\n\n\n\n<p>Catholicus.eu ist um mehrere Hauptthemen herum organisiert, die Sie durch die wesentlichen Aspekte der katholischen Lehre, Moral und spirituellen Praxis f\u00fchren. Im Folgenden finden Sie eine \u00dcbersicht unserer wichtigsten Kategorien und was Sie in jeder erwarten k\u00f6nnen.<\/p>\n\n\n\n<h3 class=\"wp-block-heading\">1. <strong>Lehre und Glaube<\/strong><\/h3>\n\n\n\n<p>Dieser Abschnitt widmet sich der Vertiefung Ihres Verst\u00e4ndnisses der zentralen Lehren der katholischen Kirche. Hierzu geh\u00f6ren:<\/p>\n\n\n\n<ul class=\"wp-block-list\">\n<li><strong>Der Katechismus der katholischen Kirche<\/strong>: Wir bieten klare und zug\u00e4ngliche Erkl\u00e4rungen des Katechismus, die Ihnen helfen, die grundlegenden Glaubenswahrheiten zu verstehen, von der Natur Gottes bis hin zur Rolle der Kirche in der Welt.<\/li>\n\n\n\n<li><strong>Dogmen des katholischen Glaubens<\/strong>: Detaillierte Artikel \u00fcber die Kern-Dogmen des Katholizismus, wie die Dreifaltigkeit, die jungfr\u00e4uliche Empf\u00e4ngnis und die Aufnahme Mariens in den Himmel, mit einer Diskussion \u00fcber deren historische Entwicklung und heutige Bedeutung.<\/li>\n\n\n\n<li><strong>Die Sakramente<\/strong>: Entdecken Sie die sieben Sakramente \u2013 Taufe, Firmung, Eucharistie, Beichte, Krankensalbung, Weihe und Ehe \u2013 und ihre unverzichtbare Rolle im Leben eines jeden Katholiken.<\/li>\n\n\n\n<li><strong>Die Zehn Gebote<\/strong>: Ausf\u00fchrliche Reflexionen \u00fcber jedes Gebot und wie sie uns helfen, in der modernen Welt ein moralisches Leben zu f\u00fchren.<\/li>\n\n\n\n<li><strong>Das Leben der Heiligen<\/strong>: Entdecken Sie, wie die Lebensgeschichten der Heiligen zeitlose Beispiele von Heiligkeit, Opferbereitschaft und Tugend bieten und uns als Vorbilder auf unserem eigenen Glaubensweg dienen.<\/li>\n<\/ul>\n\n\n\n<h3 class=\"wp-block-heading\">2. <strong>Die Kirche und die Tradition<\/strong><\/h3>\n\n\n\n<p>Catholicus.eu legt gro\u00dfen Wert auf die reiche Tradition der katholischen Kirche und untersucht ihre historischen Wurzeln und doktrinellen Kontinuit\u00e4ten:<\/p>\n\n\n\n<ul class=\"wp-block-list\">\n<li><strong>Kirchengeschichte<\/strong>: Eine Erkundung der wichtigsten Ereignisse und Schl\u00fcsselfiguren, die die Kirche von ihrer Gr\u00fcndung durch Christus bis zu ihrer heutigen Rolle gepr\u00e4gt haben.<\/li>\n\n\n\n<li><strong>\u00d6kumenische Konzilien<\/strong>: Eine detaillierte Untersuchung der Auswirkungen von Konzilien wie dem <strong>Zweiten Vatikanischen Konzil<\/strong> und deren Einfluss auf die katholische Praxis heute.<\/li>\n\n\n\n<li><strong>Das Lehramt<\/strong>: Einblick in die Lehrgewalt der Kirche und wie sie weiterhin den Glaubensschatz bewahrt und interpretiert.<\/li>\n\n\n\n<li><strong>P\u00e4pstliche Enzykliken<\/strong>: Zusammenfassungen und Analysen wichtiger p\u00e4pstlicher Dokumente, die sich mit modernen sozialen, moralischen und spirituellen Herausforderungen auseinandersetzen.<\/li>\n<\/ul>\n\n\n\n<h3 class=\"wp-block-heading\">3. <strong>Katholische Soziallehre<\/strong><\/h3>\n\n\n\n<p>Die katholische Soziallehre befasst sich mit der Frage, wie Katholiken ihren Glauben in der Welt leben sollen, insbesondere im Hinblick auf Gerechtigkeit, Frieden und die W\u00fcrde der menschlichen Person. In diesem Abschnitt finden Sie:<\/p>\n\n\n\n<ul class=\"wp-block-list\">\n<li><strong>Menschenw\u00fcrde und Menschenrechte<\/strong>: Artikel \u00fcber die unersch\u00fctterliche Verteidigung des menschlichen Lebens von der Empf\u00e4ngnis bis zum nat\u00fcrlichen Tod und die W\u00fcrde jeder Person.<\/li>\n\n\n\n<li><strong>Soziale Gerechtigkeit<\/strong>: Katholische Perspektiven auf Armut, Ungleichheit, Menschenrechte und das Gemeinwohl.<\/li>\n\n\n\n<li><strong>Umwelt<\/strong>: Basierend auf der Enzyklika <em>Laudato Si\u2019<\/em> reflektieren wir \u00fcber die Verantwortung der Katholiken, in einer Zeit der Umweltkrise f\u00fcr die Sch\u00f6pfung Gottes zu sorgen.<\/li>\n\n\n\n<li><strong>Katholische Ansichten zu Familie und Ehe<\/strong>: Einsichten in die Lehren der Kirche \u00fcber das Familienleben, das Sakrament der Ehe und die Rolle der Eltern in der Erziehung ihrer Kinder im Glauben.<\/li>\n<\/ul>\n\n\n\n<h3 class=\"wp-block-heading\">4. <strong>Geistliches Leben und Gebet<\/strong><\/h3>\n\n\n\n<p>Im Herzen des Katholizismus liegt der Ruf zur <strong>pers\u00f6nlichen Heiligkeit<\/strong> und einer innigen Beziehung zu Gott. In diesem Abschnitt bieten wir Ressourcen, um Ihr spirituelles Leben zu vertiefen:<\/p>\n\n\n\n<ul class=\"wp-block-list\">\n<li><strong>Gebetsanleitungen<\/strong>: Erlernen Sie verschiedene Formen des katholischen Gebets, einschlie\u00dflich des <strong>Rosenkranzes<\/strong>, der <strong>Lectio Divina<\/strong> und des <strong>Stundengebets<\/strong>.<\/li>\n\n\n\n<li><strong>Eucharistische Anbetung<\/strong>: Entdecken Sie die Bedeutung der Eucharistie als \u201eQuelle und H\u00f6hepunkt\u201c des christlichen Lebens, mit Reflexionen dar\u00fcber, wie man ein eucharistisches Leben f\u00fchren kann.<\/li>\n\n\n\n<li><strong>Das Sakrament der Beichte<\/strong>: Praktische Ratschl\u00e4ge und spirituelle Ermutigung, um die Barmherzigkeit Gottes durch regelm\u00e4\u00dfige Beichte zu erfahren.<\/li>\n\n\n\n<li><strong>Andachten und Sakramentalien<\/strong>: Entdecken Sie die Kraft der Marienandachten, der Heiligenverehrung und der Rolle von Sakramentalien wie Weihwasser, Skapulieren und Medaillen im Glaubensleben.<\/li>\n<\/ul>\n\n\n\n<h3 class=\"wp-block-heading\">5. <strong>Katholisches Denken in der modernen Welt<\/strong><\/h3>\n\n\n\n<p>Eines der Hauptziele von Catholicus.eu ist es, die <strong>Br\u00fccke zwischen der katholischen Tradition und den zeitgen\u00f6ssischen Themen<\/strong> zu schlagen. Wir greifen die dr\u00e4ngenden Fragen unserer Zeit auf und bieten durchdachte, glaubensbasierte Antworten:<\/p>\n\n\n\n<ul class=\"wp-block-list\">\n<li><strong>Glaube und Vernunft<\/strong>: Artikel dar\u00fcber, wie der Katholizismus Glauben mit Wissenschaft, Philosophie und Vernunft in Einklang bringt, gest\u00fctzt auf das intellektuelle Erbe von Denkern wie <strong>Thomas von Aquin<\/strong> und <strong>Augustinus<\/strong>.<\/li>\n\n\n\n<li><strong>Katholizismus und moderne Kultur<\/strong>: Einsichten dar\u00fcber, wie Katholiken sich mit der modernen Kultur auseinandersetzen und sie beeinflussen k\u00f6nnen, einschlie\u00dflich Themen zu Medien, Technologie, Kunst und Literatur aus einer katholischen Perspektive.<\/li>\n\n\n\n<li><strong>Bioethik und moralische Fragen<\/strong>: Eine katholische Perspektive auf aktuelle ethische Fragen wie <strong>Abtreibung<\/strong>, <strong>Sterbehilfe<\/strong>, <strong>k\u00fcnstliche Intelligenz<\/strong> und <strong>genetische Manipulation<\/strong>.<\/li>\n\n\n\n<li><strong>Politik und \u00d6ffentlichkeit<\/strong>: Reflexionen dar\u00fcber, wie die katholische Soziallehre unser Engagement in politischen Fragen informiert, einschlie\u00dflich der Verteidigung der Religionsfreiheit und der Rolle der Kirche im \u00f6ffentlichen Raum.<\/li>\n<\/ul>\n\n\n\n<h3 class=\"wp-block-heading\">6. <strong>Evangelisation und Mission<\/strong><\/h3>\n\n\n\n<p>Catholicus.eu ist der <strong>Neuen Evangelisierung<\/strong> verpflichtet, einem Aufruf, das Evangelium allen Menschen zu verk\u00fcnden, insbesondere denen, die sich von der Kirche entfernt haben oder die Christus noch nicht begegnet sind:<\/p>\n\n\n\n<ul class=\"wp-block-list\">\n<li><strong>Pers\u00f6nliche Zeugnisse<\/strong>: Glaubensgeschichten von Katholiken aus der ganzen Welt, die eine Bekehrung erlebt oder ihre Beziehung zu Christus vertieft haben.<\/li>\n\n\n\n<li><strong>Praktische Evangelisationstipps<\/strong>: Wie Sie Ihren Glauben auf eine einf\u00fchlsame, respektvolle und effektive Weise mit anderen teilen k\u00f6nnen.<\/li>\n\n\n\n<li><strong>Missionarische Arbeit<\/strong>: Profile katholischer Missionen und Wohlt\u00e4tigkeitsorganisationen, die die Liebe Christi sowohl geistlich als auch materiell zu den Bed\u00fcrftigen bringen.<\/li>\n<\/ul>\n\n\n\n<h2 class=\"wp-block-heading\">Warum Catholicus.eu?<\/h2>\n\n\n\n<p>Catholicus.eu zeichnet sich als vertrauensw\u00fcrdige, lehramtlich fundierte und ansprechende Plattform aus, die den Bed\u00fcrfnissen der heutigen Katholiken gerecht wird. Unsere Inhalte sind sorgf\u00e4ltig ausgearbeitet, um:<\/p>\n\n\n\n<ul class=\"wp-block-list\">\n<li><strong>Treue zur Lehre der Kirche<\/strong>: Alle Artikel und Ressourcen stehen im Einklang mit dem Lehramt der katholischen Kirche, sodass Sie sich auf zuverl\u00e4ssige und theologisch genaue Informationen verlassen k\u00f6nnen.<\/li>\n\n\n\n<li><strong>Zug\u00e4nglich<\/strong>: Ob Sie neu im Glauben sind oder ein erfahrener Theologe, unsere Inhalte sind so geschrieben, dass sie von allen verstanden werden k\u00f6nnen, ohne dabei an Tiefe zu verlieren.<\/li>\n\n\n\n<li><strong>Relevanz<\/strong>: Wir gehen auf die Herausforderungen ein, denen Katholiken in der modernen Gesellschaft begegnen, und bieten Orientierungshilfen, wie man den Glauben im t\u00e4glichen Leben lebt.<\/li>\n\n\n\n<li><strong>Inspiration<\/strong>: Durch unsere Reflexionen \u00fcber die Heilige Schrift, die Tradition und das Leben der Heiligen m\u00f6chten wir eine tiefere Liebe zu Christus und seiner Kirche entfachen.<\/li>\n<\/ul>\n\n\n\n<h2 class=\"wp-block-heading\">Fazit<\/h2>\n\n\n\n<p>Auf <strong>Catholicus.eu<\/strong> glauben wir, dass der katholische Glaube nicht nur ein Relikt der Vergangenheit ist, sondern eine lebendige, kraftvolle Tradition, die unsere Gegenwart transformieren kann. Wir sind \u00fcberzeugt, dass die zeitlosen Wahrheiten des katholischen Glaubens Antworten auf die Herausforderungen der modernen Welt bieten und unser pers\u00f6nliches und gesellschaftliches Leben bereichern k\u00f6nnen.<\/p>\n\n\n\n<p>Egal, ob Sie Ihre Spiritualit\u00e4t vertiefen m\u00f6chten, mehr \u00fcber die Lehren der Kirche erfahren wollen oder verstehen m\u00f6chten, wie sich der katholische Glaube auf die Fragen und Probleme der Gegenwart anwenden l\u00e4sst \u2013 <strong>Catholicus.eu<\/strong> ist Ihre Quelle f\u00fcr fundiertes, gut durchdachtes und inspirierendes Material.<\/p>\n\n\n\n<h3 class=\"wp-block-heading\">Werden Sie Teil der Community von Catholicus.eu<\/h3>\n\n\n\n<p>Unsere Plattform ist nicht nur eine Informationsquelle, sondern auch eine Gemeinschaft von Gl\u00e4ubigen, die danach streben, in der Liebe und Wahrheit Christi zu wachsen. Durch regelm\u00e4\u00dfige Artikel, Gebetsressourcen und die M\u00f6glichkeit, sich \u00fcber soziale Netzwerke und Kommentare auszutauschen, wollen wir ein lebendiges Glaubensnetzwerk schaffen, das \u00fcber geografische und kulturelle Grenzen hinweg reicht.<\/p>\n\n\n\n<p><strong>Catholicus.eu<\/strong> l\u00e4dt Sie ein, mit uns auf eine Reise zu gehen, auf der wir die Sch\u00e4tze der katholischen Tradition entdecken und gemeinsam lernen, wie wir unseren Glauben im heutigen Leben authentisch und mutig leben k\u00f6nnen.<\/p>\n\n\n\n<p>Willkommen bei <strong>Catholicus.eu<\/strong> \u2013 wo Tradition und Moderne zusammenkommen, wo der Glaube auf das Leben trifft, und wo jeder Katholik einen Ort findet, um in Wahrheit und Liebe zu wachsen.<\/p>\n","protected":false},"excerpt":{"rendered":"<p>Willkommen auf Catholicus.eu, Ihrer umfassenden Online-Ressource f\u00fcr ein vertieftes Verst\u00e4ndnis des katholischen Glaubens, der sowohl die traditionelle Lehre als auch die Herausforderungen und Fragen der modernen Gesellschaft ber\u00fccksichtigt. Unsere Mission ist es, eine Br\u00fccke zu schlagen zwischen den zeitlosen Wahrheiten der katholischen Kirche und den aktuellen Themen und Problemen der heutigen Welt. Catholicus.eu richtet sich &hellip;<\/p>\n","protected":false},"author":3,"featured_media":0,"parent":0,"menu_order":0,"comment_status":"closed","ping_status":"closed","template":"","meta":{"_seopress_robots_primary_cat":"0","_seopress_titles_title":"","_seopress_titles_desc":"","_seopress_robots_index":"","footnotes":""},"class_list":["post-718","page","type-page","status-publish",""],"_links":{"self":[{"href":"https:\/\/catholicus.eu\/de\/wp-json\/wp\/v2\/pages\/718","targetHints":{"allow":["GET"]}}],"collection":[{"href":"https:\/\/catholicus.eu\/de\/wp-json\/wp\/v2\/pages"}],"about":[{"href":"https:\/\/catholicus.eu\/de\/wp-json\/wp\/v2\/types\/page"}],"author":[{"embeddable":true,"href":"https:\/\/catholicus.eu\/de\/wp-json\/wp\/v2\/users\/3"}],"replies":[{"embeddable":true,"href":"https:\/\/catholicus.eu\/de\/wp-json\/wp\/v2\/comments?post=718"}],"version-history":[{"count":0,"href":"https:\/\/catholicus.eu\/de\/wp-json\/wp\/v2\/pages\/718\/revisions"}],"wp:attachment":[{"href":"https:\/\/catholicus.eu\/de\/wp-json\/wp\/v2\/media?parent=718"}],"curies":[{"name":"wp","href":"https:\/\/api.w.org\/{rel}","templated":true}]}}