{"id":7,"date":"2024-09-26T22:20:44","date_gmt":"2024-09-26T20:20:44","guid":{"rendered":"https:\/\/catholicus.eu\/de\/?page_id=7"},"modified":"2024-09-29T20:48:48","modified_gmt":"2024-09-29T18:48:48","slug":"cookie-richtlinie-von-catholicus-eu","status":"publish","type":"page","link":"https:\/\/catholicus.eu\/de\/cookie-richtlinie-von-catholicus-eu\/","title":{"rendered":"Cookie-Richtlinie von catholicus.eu"},"content":{"rendered":"\n<h4 class=\"wp-block-heading\">1. <strong>Einf\u00fchrung<\/strong><\/h4>\n\n\n\n<p>Die Webseite <strong>catholicus.eu<\/strong> (im Folgenden &#8222;die Webseite&#8220;) verwendet Cookies, um die Benutzererfahrung zu verbessern und anonyme statistische Informationen dar\u00fcber zu sammeln, wie Besucher unsere Webseite nutzen. In \u00dcbereinstimmung mit der <strong>Richtlinie 2009\/136\/EG<\/strong> und der <strong>Datenschutz-Grundverordnung (DSGVO)<\/strong> erl\u00e4utert diese Richtlinie, was Cookies sind, wie wir sie verwenden und wie Sie diese verwalten oder deaktivieren k\u00f6nnen.<\/p>\n\n\n\n<h4 class=\"wp-block-heading\">2. <strong>Was sind Cookies?<\/strong><\/h4>\n\n\n\n<p>Cookies sind kleine Textdateien, die auf Ihrem Ger\u00e4t (Computer, Smartphone, Tablet) gespeichert werden, wenn Sie eine Webseite besuchen. Sie erm\u00f6glichen es einer Webseite, sich Informationen \u00fcber Ihren Besuch zu merken, wie z. B. Ihre bevorzugte Sprache, und erleichtern die Navigation auf der Webseite. Zudem tragen sie dazu bei, Ihr Nutzererlebnis zu verbessern, indem sie bestimmte Funktionen bereitstellen.<\/p>\n\n\n\n<h4 class=\"wp-block-heading\">3. <strong>Arten von Cookies, die wir verwenden<\/strong><\/h4>\n\n\n\n<p>Auf <strong>catholicus.eu<\/strong> verwenden wir die folgenden Arten von Cookies:<\/p>\n\n\n\n<ul class=\"wp-block-list\">\n<li><strong>Notwendige Cookies<\/strong>: Diese Cookies sind erforderlich, um die Webseite funktionsf\u00e4hig zu machen. Sie erm\u00f6glichen grundlegende Funktionen wie die Seitennavigation und den Zugriff auf gesch\u00fctzte Bereiche der Webseite. Ohne diese Cookies kann die Webseite nicht ordnungsgem\u00e4\u00df funktionieren.<\/li>\n\n\n\n<li><strong>Personalisierungs-Cookies<\/strong>: Diese Cookies speichern Ihre Pr\u00e4ferenzen, wie z. B. die von Ihnen gew\u00e4hlte Sprache oder Region, um Ihr Erlebnis zu verbessern.<\/li>\n\n\n\n<li><strong>Analytische Cookies<\/strong>: Wir verwenden <strong>Google Analytics<\/strong>, um anonymisierte Informationen dar\u00fcber zu sammeln, wie Besucher die Webseite nutzen. Diese Cookies helfen uns zu verstehen, wie die Nutzer mit der Webseite interagieren, und erm\u00f6glichen es uns, die Webseite zu verbessern. Die gesammelten Informationen sind aggregiert und anonym.<\/li>\n<\/ul>\n\n\n\n<h4 class=\"wp-block-heading\">4. <strong>Auf der Webseite verwendete Cookies<\/strong><\/h4>\n\n\n\n<p>Die folgende Tabelle listet die Cookies auf, die auf <strong>catholicus.eu<\/strong> verwendet werden:<\/p>\n\n\n\n<figure class=\"wp-block-table\"><table class=\"has-fixed-layout\"><thead><tr><th><strong>Cookie-Typ<\/strong><\/th><th><strong>Name<\/strong><\/th><th><strong>Zweck<\/strong><\/th><th><strong>Speicherdauer<\/strong><\/th><\/tr><\/thead><tbody><tr><td>Notwendig<\/td><td><em>Session_ID<\/em><\/td><td>Identifiziert die Benutzersitzung w\u00e4hrend der Navigation.<\/td><td>Sitzungsende<\/td><\/tr><tr><td>Personalisierung<\/td><td><em>Language<\/em><\/td><td>Speichert die bevorzugte Sprache des Benutzers.<\/td><td>1 Jahr<\/td><\/tr><tr><td>Analytisch<\/td><td><em>ga<\/em><\/td><td>Wird von Google Analytics verwendet, um Benutzer zu unterscheiden.<\/td><td>2 Jahre<\/td><\/tr><tr><td>Analytisch<\/td><td><em>gat<\/em><\/td><td>Begrenzt die Anfragerate zur Verbesserung der Leistung.<\/td><td>1 Minute<\/td><\/tr><tr><td>Analytisch<\/td><td><em>gid<\/em><\/td><td>Wird von Google Analytics verwendet, um Sitzungen von Benutzern zu gruppieren.<\/td><td>24 Stunden<\/td><\/tr><\/tbody><\/table><\/figure>\n\n\n\n<h4 class=\"wp-block-heading\">5. <strong>Einwilligung zur Verwendung von Cookies<\/strong><\/h4>\n\n\n\n<p>Wenn Sie zum ersten Mal auf unsere Webseite zugreifen, wird ein Hinweis angezeigt, der Sie \u00fcber die Verwendung von Cookies informiert. Sie k\u00f6nnen alle Cookies akzeptieren oder Ihre Pr\u00e4ferenzen anpassen. Durch die weitere Nutzung der Webseite ohne \u00c4nderung Ihrer Einstellungen stimmen Sie der Installation von Cookies gem\u00e4\u00df dieser Richtlinie zu.<\/p>\n\n\n\n<h4 class=\"wp-block-heading\">6. <strong>Verwaltung und Deaktivierung von Cookies<\/strong><\/h4>\n\n\n\n<p>Sie haben das Recht, Cookies jederzeit zu verwalten oder zu deaktivieren. Dies k\u00f6nnen Sie wie folgt tun:<\/p>\n\n\n\n<ul class=\"wp-block-list\">\n<li><strong>Browsereinstellungen<\/strong>: Die meisten Browser erm\u00f6glichen es Ihnen, Cookies zu blockieren oder zu l\u00f6schen. Hier sind einige Links zu den Anleitungen der g\u00e4ngigsten Browser:\n<ul class=\"wp-block-list\">\n<li><a>Google Chrome<\/a><\/li>\n\n\n\n<li><a href=\"https:\/\/support.mozilla.org\/de\/kb\/cookies-erlauben-und-ablehnen\">Mozilla Firefox<\/a><\/li>\n\n\n\n<li><a href=\"https:\/\/support.apple.com\/de-de\/guide\/safari\/sfri11471\/mac\">Safari<\/a><\/li>\n\n\n\n<li><a href=\"https:\/\/support.microsoft.com\/de-de\/help\/4027947\/microsoft-edge-delete-cookies\">Microsoft Edge<\/a><\/li>\n<\/ul>\n<\/li>\n\n\n\n<li><strong>Deaktivierung von Google Analytics<\/strong>: Sie k\u00f6nnen auch das <strong>Browser-Add-On zur Deaktivierung von Google Analytics<\/strong> installieren, das <a>hier<\/a> verf\u00fcgbar ist.<\/li>\n<\/ul>\n\n\n\n<p>Bitte beachten Sie, dass durch das Deaktivieren von Cookies bestimmte Funktionen unserer Webseite m\u00f6glicherweise beeintr\u00e4chtigt werden und Ihr Nutzungserlebnis eingeschr\u00e4nkt sein k\u00f6nnte.<\/p>\n\n\n\n<h4 class=\"wp-block-heading\">7. <strong>\u00c4nderungen der Cookie-Richtlinie<\/strong><\/h4>\n\n\n\n<p>Wir behalten uns das Recht vor, diese Cookie-Richtlinie jederzeit zu aktualisieren, insbesondere zur Anpassung an neue gesetzliche oder technische Anforderungen. \u00c4nderungen werden auf dieser Seite mit einem Datum der letzten Aktualisierung ver\u00f6ffentlicht. Wir empfehlen Ihnen, diese Richtlinie regelm\u00e4\u00dfig zu \u00fcberpr\u00fcfen, um \u00fcber etwaige \u00c4nderungen informiert zu bleiben.<\/p>\n\n\n\n<h4 class=\"wp-block-heading\">8. <strong>Kontakt<\/strong><\/h4>\n\n\n\n<p>Wenn Sie Fragen zu dieser Cookie-Richtlinie haben, k\u00f6nnen Sie uns unter folgender Adresse kontaktieren: [mail@catholicus.eu].<\/p>\n","protected":false},"excerpt":{"rendered":"<p>1. Einf\u00fchrung Die Webseite catholicus.eu (im Folgenden &#8222;die Webseite&#8220;) verwendet Cookies, um die Benutzererfahrung zu verbessern und anonyme statistische Informationen dar\u00fcber zu sammeln, wie Besucher unsere Webseite nutzen. In \u00dcbereinstimmung mit der Richtlinie 2009\/136\/EG und der Datenschutz-Grundverordnung (DSGVO) erl\u00e4utert diese Richtlinie, was Cookies sind, wie wir sie verwenden und wie Sie diese verwalten oder deaktivieren &hellip;<\/p>\n","protected":false},"author":3,"featured_media":0,"parent":0,"menu_order":0,"comment_status":"closed","ping_status":"closed","template":"","meta":{"_seopress_robots_primary_cat":"0","_seopress_titles_title":"","_seopress_titles_desc":"","_seopress_robots_index":"","footnotes":""},"class_list":["post-7","page","type-page","status-publish",""],"_links":{"self":[{"href":"https:\/\/catholicus.eu\/de\/wp-json\/wp\/v2\/pages\/7","targetHints":{"allow":["GET"]}}],"collection":[{"href":"https:\/\/catholicus.eu\/de\/wp-json\/wp\/v2\/pages"}],"about":[{"href":"https:\/\/catholicus.eu\/de\/wp-json\/wp\/v2\/types\/page"}],"author":[{"embeddable":true,"href":"https:\/\/catholicus.eu\/de\/wp-json\/wp\/v2\/users\/3"}],"replies":[{"embeddable":true,"href":"https:\/\/catholicus.eu\/de\/wp-json\/wp\/v2\/comments?post=7"}],"version-history":[{"count":0,"href":"https:\/\/catholicus.eu\/de\/wp-json\/wp\/v2\/pages\/7\/revisions"}],"wp:attachment":[{"href":"https:\/\/catholicus.eu\/de\/wp-json\/wp\/v2\/media?parent=7"}],"curies":[{"name":"wp","href":"https:\/\/api.w.org\/{rel}","templated":true}]}}